{"id":49979,"date":"2022-05-22T04:33:42","date_gmt":"2022-05-22T02:33:42","guid":{"rendered":"https:\/\/dev-elite.online\/fleet-elite-rent-a-car\/tesla-model-y-draft\/"},"modified":"2024-06-10T17:51:41","modified_gmt":"2024-06-10T15:51:41","slug":"louer-tesla-model-y-geneve-zurich","status":"publish","type":"product","link":"https:\/\/rentcarportal.com\/fr\/location-voiture-prestige\/credit-card-fr\/louer-tesla-model-y-geneve-zurich\/","title":{"rendered":"Tesla Model Y Performance"},"content":{"rendered":"<h5>Louer le Tesla Model Y en Suisse<\/h5>\n<p>Vous pouvez louer le Tesla Model Y avec <a href=\"https:\/\/rentcarportal.com\/fr\">Rent Car Portal<\/a> en Suisse. La livraison et la reprise personnalis\u00e9es de votre v\u00e9hicule sont disponibles \u00e0 Gen\u00e8ve, Zurich, Gstaad, St. Moritz, Lucerne, Lausanne et plus encore.<\/p>\n<p>Tesla est une marque automobile am\u00e9ricaine qui a lanc\u00e9 son premier v\u00e9hicule, le Tesla Roadster, en 2009. Premi\u00e8re entreprise automobile \u00e0 proposer une gamme de voitures exclusivement \u00e9lectriques telles que le Model 3 et le Model S. Apr\u00e8s avoir lanc\u00e9 son SUV de grande taille, le Model X, Tesla oriente d\u00e9sormais ses efforts vers le march\u00e9 des crossovers avec le Model Y.<\/p>\n<h5>\u00c0 propos de la Tesla Model Y<\/h5>\n<p>La Tesla Model Y est la derni\u00e8re cr\u00e9ation du pionnier des v\u00e9hicules \u00e9lectriques Tesla. Ce mod\u00e8le vise \u00e0 satisfaire le segment des crossovers du march\u00e9 automobile. Jusqu&rsquo;\u00e0 pr\u00e9sent, Tesla proposait le Model X, un SUV de grande taille. Cependant, le ch\u00e2ssis plus petit du Model Y lui permet de s&rsquo;adapter aussi bien aux routes de campagne qu&rsquo;aux milieux urbains. Dans sa variante \u00ab\u00a0Performance\u00a0\u00bb, la Tesla Model Y est dot\u00e9e d&rsquo;un groupe motopropulseur \u00e0 deux moteurs et \u00e0 transmission int\u00e9grale offrant une puissance impressionnante de 462 chevaux. Cette puissance se traduit par un temps de 0 \u00e0 100 km\/h de seulement 3,8 secondes.<\/p>\n<p>Le design ext\u00e9rieur de la Model Y est \u00e9pur\u00e9 et moderne. Le style g\u00e9n\u00e9ral s&rsquo;harmonise avec le reste de la gamme Tesla. Son style coup\u00e9 lui conf\u00e8re une allure plus sportive que sa grande s\u0153ur, la Model X. \u00c0 l&rsquo;int\u00e9rieur, la Model Y est un endroit id\u00e9al pour parcourir de nombreux kilom\u00e8tres. Con\u00e7ue pour accueillir jusqu&rsquo;\u00e0 cinq passagers, elle offre \u00e9galement l&rsquo;espace n\u00e9cessaire pour les bagages. La Model Y reste fid\u00e8le \u00e0 l&rsquo;\u00e9thique de Tesla, \u00e0 savoir la puret\u00e9 du design et la clart\u00e9 d&rsquo;esprit. Dans son interieur \u00e9pur\u00e9,\u00a0 le puissant \u00e9cran tactile de 17 pouces devient la star de l&rsquo;habitacle. Louez une Tesla Model Y Performance en Suisse avec Rent Car Portal et profitez de la voiture de location parfaite pour votre voyage \u00e0 Gen\u00e8ve ou Zurich.<\/p>\n","protected":false},"excerpt":{"rendered":"<p>[jet_post_terms tax:=\u00a0\u00bbcountry\u00a0\u00bb]<\/p>\n","protected":false},"featured_media":44175,"template":"","meta":{"site-sidebar-layout":"no-sidebar","site-content-layout":"plain-container","ast-site-content-layout":"normal-width-container","site-content-style":"unboxed","site-sidebar-style":"unboxed","ast-global-header-display":"","ast-banner-title-visibility":"","ast-main-header-display":"","ast-hfb-above-header-display":"","ast-hfb-below-header-display":"","ast-hfb-mobile-header-display":"","site-post-title":"","ast-breadcrumbs-content":"","ast-featured-img":"","footer-sml-layout":"","theme-transparent-header-meta":"default","adv-header-id-meta":"","stick-header-meta":"","header-above-stick-meta":"","header-main-stick-meta":"","header-below-stick-meta":"","astra-migrate-meta-layouts":"default","ast-page-background-enabled":"default","ast-page-background-meta":{"desktop":{"background-color":"","background-image":"","background-repeat":"repeat","background-position":"center center","background-size":"auto","background-attachment":"scroll","background-type":"","background-media":"","overlay-type":"","overlay-color":"","overlay-opacity":"","overlay-gradient":""},"tablet":{"background-color":"","background-image":"","background-repeat":"repeat","background-position":"center center","background-size":"auto","background-attachment":"scroll","background-type":"","background-media":"","overlay-type":"","overlay-color":"","overlay-opacity":"","overlay-gradient":""},"mobile":{"background-color":"","background-image":"","background-repeat":"repeat","background-position":"center center","background-size":"auto","background-attachment":"scroll","background-type":"","background-media":"","overlay-type":"","overlay-color":"","overlay-opacity":"","overlay-gradient":""}},"ast-content-background-meta":{"desktop":{"background-color":"var(--ast-global-color-5)","background-image":"","background-repeat":"repeat","background-position":"center center","background-size":"auto","background-attachment":"scroll","background-type":"","background-media":"","overlay-type":"","overlay-color":"","overlay-opacity":"","overlay-gradient":""},"tablet":{"background-color":"var(--ast-global-color-5)","background-image":"","background-repeat":"repeat","background-position":"center center","background-size":"auto","background-attachment":"scroll","background-type":"","background-media":"","overlay-type":"","overlay-color":"","overlay-opacity":"","overlay-gradient":""},"mobile":{"background-color":"var(--ast-global-color-5)","background-image":"","background-repeat":"repeat","background-position":"center center","background-size":"auto","background-attachment":"scroll","background-type":"","background-media":"","overlay-type":"","overlay-color":"","overlay-opacity":"","overlay-gradient":""}}},"product_brand":[],"product_cat":[2804,1822],"product_tag":[],"agency-2":[2690],"agency-1":[2701],"model":[],"brand":[2323],"types":[2309],"city":[2614,2615,2616,2617,2618],"country":[2310],"service":[],"class_list":{"0":"post-49979","1":"product","2":"type-product","3":"status-publish","4":"has-post-thumbnail","6":"product_cat-credit-card-fr","7":"product_cat-suv-4x4","8":"agency-2-zurich-fr","9":"agency-1-geneva-fr","10":"brand-louer-une-tesla","11":"types-suv-4x4-fr","12":"city-bad-ragaz-fr","13":"city-gstaad-fr","14":"city-interlaken-fr","15":"city-lausanne-fr","16":"city-st-moritz-fr","17":"country-switzerland-fr","18":"desktop-align-left","19":"tablet-align-left","20":"mobile-align-left","22":"first","23":"instock","24":"shipping-taxable","25":"purchasable","26":"product-type-redq_rental"},"_links":{"self":[{"href":"https:\/\/rentcarportal.com\/fr\/wp-json\/wp\/v2\/product\/49979","targetHints":{"allow":["GET"]}}],"collection":[{"href":"https:\/\/rentcarportal.com\/fr\/wp-json\/wp\/v2\/product"}],"about":[{"href":"https:\/\/rentcarportal.com\/fr\/wp-json\/wp\/v2\/types\/product"}],"version-history":[{"count":0,"href":"https:\/\/rentcarportal.com\/fr\/wp-json\/wp\/v2\/product\/49979\/revisions"}],"wp:featuredmedia":[{"embeddable":true,"href":"https:\/\/rentcarportal.com\/fr\/wp-json\/wp\/v2\/media\/44175"}],"wp:attachment":[{"href":"https:\/\/rentcarportal.com\/fr\/wp-json\/wp\/v2\/media?parent=49979"}],"wp:term":[{"taxonomy":"product_brand","embeddable":true,"href":"https:\/\/rentcarportal.com\/fr\/wp-json\/wp\/v2\/product_brand?post=49979"},{"taxonomy":"product_cat","embeddable":true,"href":"https:\/\/rentcarportal.com\/fr\/wp-json\/wp\/v2\/product_cat?post=49979"},{"taxonomy":"product_tag","embeddable":true,"href":"https:\/\/rentcarportal.com\/fr\/wp-json\/wp\/v2\/product_tag?post=49979"},{"taxonomy":"agency-2","embeddable":true,"href":"https:\/\/rentcarportal.com\/fr\/wp-json\/wp\/v2\/agency-2?post=49979"},{"taxonomy":"agency-1","embeddable":true,"href":"https:\/\/rentcarportal.com\/fr\/wp-json\/wp\/v2\/agency-1?post=49979"},{"taxonomy":"model","embeddable":true,"href":"https:\/\/rentcarportal.com\/fr\/wp-json\/wp\/v2\/model?post=49979"},{"taxonomy":"brand","embeddable":true,"href":"https:\/\/rentcarportal.com\/fr\/wp-json\/wp\/v2\/brand?post=49979"},{"taxonomy":"types","embeddable":true,"href":"https:\/\/rentcarportal.com\/fr\/wp-json\/wp\/v2\/types?post=49979"},{"taxonomy":"city","embeddable":true,"href":"https:\/\/rentcarportal.com\/fr\/wp-json\/wp\/v2\/city?post=49979"},{"taxonomy":"country","embeddable":true,"href":"https:\/\/rentcarportal.com\/fr\/wp-json\/wp\/v2\/country?post=49979"},{"taxonomy":"service","embeddable":true,"href":"https:\/\/rentcarportal.com\/fr\/wp-json\/wp\/v2\/service?post=49979"}],"curies":[{"name":"wp","href":"https:\/\/api.w.org\/{rel}","templated":true}]}}