{"id":50002,"date":"2021-05-22T02:32:43","date_gmt":"2021-05-22T00:32:43","guid":{"rendered":"https:\/\/dev-elite.online\/fleet-elite-rent-a-car\/range-rover-sport-3-0-i6d-hse-dynamic-draft\/"},"modified":"2024-03-11T18:58:18","modified_gmt":"2024-03-11T17:58:18","slug":"range-rover-sport-3-0d-hse-geneve-zurich","status":"publish","type":"product","link":"https:\/\/rentcarportal.com\/fr\/location-voiture-prestige\/credit-card-fr\/range-rover-sport-3-0d-hse-geneve-zurich\/","title":{"rendered":"Range Rover Sport D300"},"content":{"rendered":"<h5>Louer un Range Rover Sport en Suisse<\/h5>\n<p>Vous pouvez louer la Range Rover Sport D300 HSE avec <a href=\"https:\/\/rentcarportal.com\">Rent Car Portal<\/a> en Suisse. La livraison et la reprise sur mesure de votre v\u00e9hicule de location sont disponibles \u00e0 Gen\u00e8ve, Zurich, Gstaad, St. Moritz, Lucerne, Lausanne et plus encore.<br \/>\nLa c\u00e9l\u00e8bre marque britannique de SUV et de v\u00e9hicules tout-terrain, Land Rover, pr\u00e9sente pour 2021 la nouvelle version du Range Rover Sport pour satisfaire les passionn\u00e9s de la marque. Ce mod\u00e8le 2021 repr\u00e9sente la combinaison parfaite entre l&rsquo;innovation, le confort. Mais aussi la commodit\u00e9 coupl\u00e9s \u00e0 des performances hors route et sur route singuli\u00e8res.<\/p>\n<h5>\u00c0 propos du Range Rover Sport<\/h5>\n<p>Le constructeur automobile britannique embl\u00e9matique a connu un grand succ\u00e8s avec son SUV de taille moyenne, le Range Rover Sport. Le Sport comprend toutes les fonctions et les commodit\u00e9s que vous trouverez dans les mod\u00e8les Range Rover plus grands. Cependant, le Sport apporte davantage de r\u00e9f\u00e9rences en mati\u00e8re de performances, ce qui caract\u00e9rise ce mod\u00e8le. Son moteur 6 cylindres en ligne de 300 chevaux lui permet d&rsquo;atteindre le 0 \u00e0 100 km\/h en 6,6 secondes. Son design ext\u00e9rieur est \u00e9l\u00e9gant et rappelle le reste de la gamme de v\u00e9hicules Range Rover.<\/p>\n<p>\u00c0 l&rsquo;int\u00e9rieur, le Range Rover Sport offre beaucoup de confort et d&rsquo;espace \u00e0 ses occupants. L&rsquo;habitacle pr\u00e9sente un design luxueux et de bon go\u00fbt, drap\u00e9 de cuir et de mat\u00e9riaux de la plus haute qualit\u00e9. Range Rover n&rsquo;a pas non plus oubli\u00e9 la technologie&#8230; Deux \u00e9crans tactiles sont mont\u00e9s au centre du tableau de bord : l&rsquo;un pour la navigation et l&rsquo;infotainment, l&rsquo;autre pour les commandes de climatisation. Le conducteur b\u00e9n\u00e9ficie \u00e9galement d&rsquo;une gamme compl\u00e8te d&rsquo;informations de conduite et de navigation servies par un tableau de bord num\u00e9rique.<\/p>\n<p>Le Range rover sport est un excellent compagnon de route pour les excursions en ville comme \u00e0 la campagne. Il est \u00e9quip\u00e9 pour faire face \u00e0 une vari\u00e9t\u00e9 de conditions routi\u00e8res et m\u00e9t\u00e9orologiques diff\u00e9rentes. Louez un Range Rover Sport en Suisse avec Rent Car Portal et profitez de la voiture de location parfaite pour votre voyage \u00e0 Gen\u00e8ve ou Zurich.<\/p>\n","protected":false},"excerpt":{"rendered":"<p>[jet_post_terms tax:=\u00a0\u00bbcountry\u00a0\u00bb]<\/p>\n","protected":false},"featured_media":36679,"template":"","meta":{"site-sidebar-layout":"no-sidebar","site-content-layout":"plain-container","ast-site-content-layout":"","site-content-style":"default","site-sidebar-style":"default","ast-global-header-display":"","ast-banner-title-visibility":"","ast-main-header-display":"","ast-hfb-above-header-display":"","ast-hfb-below-header-display":"","ast-hfb-mobile-header-display":"","site-post-title":"","ast-breadcrumbs-content":"","ast-featured-img":"","footer-sml-layout":"","theme-transparent-header-meta":"default","adv-header-id-meta":"","stick-header-meta":"","header-above-stick-meta":"","header-main-stick-meta":"","header-below-stick-meta":"","astra-migrate-meta-layouts":"default","ast-page-background-enabled":"default","ast-page-background-meta":{"desktop":{"background-color":"","background-image":"","background-repeat":"repeat","background-position":"center center","background-size":"auto","background-attachment":"scroll","background-type":"","background-media":"","overlay-type":"","overlay-color":"","overlay-opacity":"","overlay-gradient":""},"tablet":{"background-color":"","background-image":"","background-repeat":"repeat","background-position":"center center","background-size":"auto","background-attachment":"scroll","background-type":"","background-media":"","overlay-type":"","overlay-color":"","overlay-opacity":"","overlay-gradient":""},"mobile":{"background-color":"","background-image":"","background-repeat":"repeat","background-position":"center center","background-size":"auto","background-attachment":"scroll","background-type":"","background-media":"","overlay-type":"","overlay-color":"","overlay-opacity":"","overlay-gradient":""}},"ast-content-background-meta":{"desktop":{"background-color":"var(--ast-global-color-5)","background-image":"","background-repeat":"repeat","background-position":"center center","background-size":"auto","background-attachment":"scroll","background-type":"","background-media":"","overlay-type":"","overlay-color":"","overlay-opacity":"","overlay-gradient":""},"tablet":{"background-color":"var(--ast-global-color-5)","background-image":"","background-repeat":"repeat","background-position":"center center","background-size":"auto","background-attachment":"scroll","background-type":"","background-media":"","overlay-type":"","overlay-color":"","overlay-opacity":"","overlay-gradient":""},"mobile":{"background-color":"var(--ast-global-color-5)","background-image":"","background-repeat":"repeat","background-position":"center center","background-size":"auto","background-attachment":"scroll","background-type":"","background-media":"","overlay-type":"","overlay-color":"","overlay-opacity":"","overlay-gradient":""}}},"product_brand":[],"product_cat":[2804,1822],"product_tag":[2475],"agency-2":[2690],"agency-1":[2701],"model":[],"brand":[1263],"types":[2309],"city":[2614,2615,2616,2617,2618],"country":[2310],"service":[],"class_list":{"0":"post-50002","1":"product","2":"type-product","3":"status-publish","4":"has-post-thumbnail","6":"product_cat-credit-card-fr","7":"product_cat-suv-4x4","8":"product_tag-ch","9":"agency-2-zurich-fr","10":"agency-1-geneva-fr","11":"brand-louer-une-range-rover","12":"types-suv-4x4-fr","13":"city-bad-ragaz-fr","14":"city-gstaad-fr","15":"city-interlaken-fr","16":"city-lausanne-fr","17":"city-st-moritz-fr","18":"country-switzerland-fr","19":"desktop-align-left","20":"tablet-align-left","21":"mobile-align-left","23":"first","24":"instock","25":"shipping-taxable","26":"purchasable","27":"product-type-redq_rental"},"_links":{"self":[{"href":"https:\/\/rentcarportal.com\/fr\/wp-json\/wp\/v2\/product\/50002","targetHints":{"allow":["GET"]}}],"collection":[{"href":"https:\/\/rentcarportal.com\/fr\/wp-json\/wp\/v2\/product"}],"about":[{"href":"https:\/\/rentcarportal.com\/fr\/wp-json\/wp\/v2\/types\/product"}],"version-history":[{"count":0,"href":"https:\/\/rentcarportal.com\/fr\/wp-json\/wp\/v2\/product\/50002\/revisions"}],"wp:featuredmedia":[{"embeddable":true,"href":"https:\/\/rentcarportal.com\/fr\/wp-json\/wp\/v2\/media\/36679"}],"wp:attachment":[{"href":"https:\/\/rentcarportal.com\/fr\/wp-json\/wp\/v2\/media?parent=50002"}],"wp:term":[{"taxonomy":"product_brand","embeddable":true,"href":"https:\/\/rentcarportal.com\/fr\/wp-json\/wp\/v2\/product_brand?post=50002"},{"taxonomy":"product_cat","embeddable":true,"href":"https:\/\/rentcarportal.com\/fr\/wp-json\/wp\/v2\/product_cat?post=50002"},{"taxonomy":"product_tag","embeddable":true,"href":"https:\/\/rentcarportal.com\/fr\/wp-json\/wp\/v2\/product_tag?post=50002"},{"taxonomy":"agency-2","embeddable":true,"href":"https:\/\/rentcarportal.com\/fr\/wp-json\/wp\/v2\/agency-2?post=50002"},{"taxonomy":"agency-1","embeddable":true,"href":"https:\/\/rentcarportal.com\/fr\/wp-json\/wp\/v2\/agency-1?post=50002"},{"taxonomy":"model","embeddable":true,"href":"https:\/\/rentcarportal.com\/fr\/wp-json\/wp\/v2\/model?post=50002"},{"taxonomy":"brand","embeddable":true,"href":"https:\/\/rentcarportal.com\/fr\/wp-json\/wp\/v2\/brand?post=50002"},{"taxonomy":"types","embeddable":true,"href":"https:\/\/rentcarportal.com\/fr\/wp-json\/wp\/v2\/types?post=50002"},{"taxonomy":"city","embeddable":true,"href":"https:\/\/rentcarportal.com\/fr\/wp-json\/wp\/v2\/city?post=50002"},{"taxonomy":"country","embeddable":true,"href":"https:\/\/rentcarportal.com\/fr\/wp-json\/wp\/v2\/country?post=50002"},{"taxonomy":"service","embeddable":true,"href":"https:\/\/rentcarportal.com\/fr\/wp-json\/wp\/v2\/service?post=50002"}],"curies":[{"name":"wp","href":"https:\/\/api.w.org\/{rel}","templated":true}]}}