{"id":50018,"date":"2021-05-22T12:03:38","date_gmt":"2021-05-22T10:03:38","guid":{"rendered":"https:\/\/dev-elite.online\/fleet-elite-rent-a-car\/ferrari-portofino-copy\/"},"modified":"2023-03-08T14:34:37","modified_gmt":"2023-03-08T13:34:37","slug":"ferrari-portofino-rome-fiumicino","status":"publish","type":"product","link":"https:\/\/rentcarportal.com\/fr\/location-voiture-prestige\/exceptionnelle\/ferrari-portofino-rome-fiumicino\/","title":{"rendered":"Ferrari Portofino"},"content":{"rendered":"<p>La Ferrari Portofino vient enrichir la magnifique flotte du cheval cabr\u00e9 d&rsquo;un singulier et luxueux cabriolet. La configuration \u00ab\u00a0Hot-V\u00a0\u00bb du moteur signifie que les turbocompresseurs au sein du V8 de 3,9 litres favorise la r\u00e9activit\u00e9 du v\u00e9hicule \u00e0 l&rsquo;acc\u00e9l\u00e9ration et permettre \u00e0 la Portofino de d\u00e9velopper 600 chevaux ! Cela vient donc impacter directement l&rsquo;exp\u00e9rience de conduite pour offrir des performances et des sensations propres \u00e0 la l\u00e9gendaire marque italienne. Ferrari a accord\u00e9 beaucoup d&rsquo;importance \u00e0 l&rsquo;habitacle en offrant un condens\u00e9 de design et de technologie avec des mat\u00e9riaux vari\u00e9s et le tout d&rsquo;une qualit\u00e9 \u00e9poustouflante. On y retrouve des \u00e9l\u00e9ments caract\u00e9ristiques de Ferrari, dont le mythique volant au cheval cabr\u00e9, le tachym\u00e8tre central ou encore les palettes de changement de vitesse. L&rsquo;\u00e9cran tactile tr\u00e8s simple \u00e0 utiliser, \u00e0 la pointe de la technologie combin\u00e9 \u00e0 de nombreux d\u00e9tails qui viennent parfaire l&rsquo;exp\u00e9rience de conduite. Louez une Ferrari Portofino en Italie avec Rent Car Portal et profitez de la voiture de location parfaite pour votre voyage en Europe.<\/p>\n","protected":false},"excerpt":{"rendered":"<p>[jet_post_terms tax=:\u00a0\u00bbcountry\u00a0\u00bb]<\/p>\n","protected":false},"featured_media":35533,"template":"","meta":{"site-sidebar-layout":"no-sidebar","site-content-layout":"plain-container","ast-site-content-layout":"","site-content-style":"default","site-sidebar-style":"default","ast-global-header-display":"","ast-banner-title-visibility":"","ast-main-header-display":"","ast-hfb-above-header-display":"","ast-hfb-below-header-display":"","ast-hfb-mobile-header-display":"","site-post-title":"","ast-breadcrumbs-content":"","ast-featured-img":"","footer-sml-layout":"","theme-transparent-header-meta":"default","adv-header-id-meta":"","stick-header-meta":"","header-above-stick-meta":"","header-main-stick-meta":"","header-below-stick-meta":"","astra-migrate-meta-layouts":"default","ast-page-background-enabled":"default","ast-page-background-meta":{"desktop":{"background-color":"","background-image":"","background-repeat":"repeat","background-position":"center center","background-size":"auto","background-attachment":"scroll","background-type":"","background-media":"","overlay-type":"","overlay-color":"","overlay-opacity":"","overlay-gradient":""},"tablet":{"background-color":"","background-image":"","background-repeat":"repeat","background-position":"center center","background-size":"auto","background-attachment":"scroll","background-type":"","background-media":"","overlay-type":"","overlay-color":"","overlay-opacity":"","overlay-gradient":""},"mobile":{"background-color":"","background-image":"","background-repeat":"repeat","background-position":"center center","background-size":"auto","background-attachment":"scroll","background-type":"","background-media":"","overlay-type":"","overlay-color":"","overlay-opacity":"","overlay-gradient":""}},"ast-content-background-meta":{"desktop":{"background-color":"var(--ast-global-color-5)","background-image":"","background-repeat":"repeat","background-position":"center center","background-size":"auto","background-attachment":"scroll","background-type":"","background-media":"","overlay-type":"","overlay-color":"","overlay-opacity":"","overlay-gradient":""},"tablet":{"background-color":"var(--ast-global-color-5)","background-image":"","background-repeat":"repeat","background-position":"center center","background-size":"auto","background-attachment":"scroll","background-type":"","background-media":"","overlay-type":"","overlay-color":"","overlay-opacity":"","overlay-gradient":""},"mobile":{"background-color":"var(--ast-global-color-5)","background-image":"","background-repeat":"repeat","background-position":"center center","background-size":"auto","background-attachment":"scroll","background-type":"","background-media":"","overlay-type":"","overlay-color":"","overlay-opacity":"","overlay-gradient":""}}},"product_brand":[],"product_cat":[1940,1939],"product_tag":[],"agency-2":[2693],"agency-1":[2697],"model":[],"brand":[2317],"types":[2315],"city":[2641,2652,2642,2643,2644,2645],"country":[2369],"service":[],"class_list":{"0":"post-50018","1":"product","2":"type-product","3":"status-publish","4":"has-post-thumbnail","6":"product_cat-exceptionnelle","7":"product_cat-best-sellers-fr","8":"agency-2-rome-fr","9":"agency-1-milan-fr","10":"brand-louer-une-ferrari","11":"types-exceptional-fr","12":"city-amalfi-fr","13":"city-cologne-fr","14":"city-como-fr","15":"city-florence-fr","16":"city-naples-fr","17":"city-venice-fr","18":"country-italy-rome-fr","19":"desktop-align-left","20":"tablet-align-left","21":"mobile-align-left","23":"first","24":"instock","25":"shipping-taxable","26":"purchasable","27":"product-type-redq_rental"},"_links":{"self":[{"href":"https:\/\/rentcarportal.com\/fr\/wp-json\/wp\/v2\/product\/50018","targetHints":{"allow":["GET"]}}],"collection":[{"href":"https:\/\/rentcarportal.com\/fr\/wp-json\/wp\/v2\/product"}],"about":[{"href":"https:\/\/rentcarportal.com\/fr\/wp-json\/wp\/v2\/types\/product"}],"version-history":[{"count":0,"href":"https:\/\/rentcarportal.com\/fr\/wp-json\/wp\/v2\/product\/50018\/revisions"}],"wp:featuredmedia":[{"embeddable":true,"href":"https:\/\/rentcarportal.com\/fr\/wp-json\/wp\/v2\/media\/35533"}],"wp:attachment":[{"href":"https:\/\/rentcarportal.com\/fr\/wp-json\/wp\/v2\/media?parent=50018"}],"wp:term":[{"taxonomy":"product_brand","embeddable":true,"href":"https:\/\/rentcarportal.com\/fr\/wp-json\/wp\/v2\/product_brand?post=50018"},{"taxonomy":"product_cat","embeddable":true,"href":"https:\/\/rentcarportal.com\/fr\/wp-json\/wp\/v2\/product_cat?post=50018"},{"taxonomy":"product_tag","embeddable":true,"href":"https:\/\/rentcarportal.com\/fr\/wp-json\/wp\/v2\/product_tag?post=50018"},{"taxonomy":"agency-2","embeddable":true,"href":"https:\/\/rentcarportal.com\/fr\/wp-json\/wp\/v2\/agency-2?post=50018"},{"taxonomy":"agency-1","embeddable":true,"href":"https:\/\/rentcarportal.com\/fr\/wp-json\/wp\/v2\/agency-1?post=50018"},{"taxonomy":"model","embeddable":true,"href":"https:\/\/rentcarportal.com\/fr\/wp-json\/wp\/v2\/model?post=50018"},{"taxonomy":"brand","embeddable":true,"href":"https:\/\/rentcarportal.com\/fr\/wp-json\/wp\/v2\/brand?post=50018"},{"taxonomy":"types","embeddable":true,"href":"https:\/\/rentcarportal.com\/fr\/wp-json\/wp\/v2\/types?post=50018"},{"taxonomy":"city","embeddable":true,"href":"https:\/\/rentcarportal.com\/fr\/wp-json\/wp\/v2\/city?post=50018"},{"taxonomy":"country","embeddable":true,"href":"https:\/\/rentcarportal.com\/fr\/wp-json\/wp\/v2\/country?post=50018"},{"taxonomy":"service","embeddable":true,"href":"https:\/\/rentcarportal.com\/fr\/wp-json\/wp\/v2\/service?post=50018"}],"curies":[{"name":"wp","href":"https:\/\/api.w.org\/{rel}","templated":true}]}}