{"id":50208,"date":"2021-05-21T17:30:56","date_gmt":"2021-05-21T15:30:56","guid":{"rendered":"https:\/\/dev-elite.online\/fleet-elite-rent-a-car\/bmw-m4-coupe\/"},"modified":"2023-03-17T14:40:01","modified_gmt":"2023-03-17T13:40:01","slug":"bmw-m4-competition-munich-nuremberg","status":"publish","type":"product","link":"https:\/\/rentcarportal.com\/fr\/location-voiture-prestige\/luxe-berline\/bmw-m4-competition-munich-nuremberg\/","title":{"rendered":"BMW M4 Competition"},"content":{"rendered":"<p>La division M est la branche performance de BMW. Elle a pour t\u00e2che de prendre un mod\u00e8le standard de BMW et d&rsquo;en augmenter le volume jusqu&rsquo;\u00e0 11. La nouvelle BMW M4 Competition ne fait pas exception \u00e0 cette r\u00e8gle. Comme pour le mod\u00e8le pr\u00e9c\u00e9dent, il ne faut que quelques secondes pour vous procurer des sensations fortes. La M4 Coup\u00e9 \u00e9quip\u00e9e d&rsquo;un moteur 6 cylindres turbocompress\u00e9 de 3,0 litres d\u00e9veloppant 503 ch, cette S\u00e9rie 4 passe de 0 \u00e0 100 km\/h en seulement 3.9 secondes ! \u00c0 l&rsquo;int\u00e9rieur, l&rsquo;habitacle sportif aux accents de cuir personnalis\u00e9 et aux options compl\u00e8tes permet au conducteur de se sentir comme chez lui. La S\u00e9rie 4 est \u00e9quip\u00e9e de l&rsquo;excellent ordinateur de bord I-drive. Louez la BMW M4 Competition pour une journ\u00e9e de plaisir automobile en Allemagne avec Rent Car Portal.<\/p>\n","protected":false},"excerpt":{"rendered":"<p>[jet_post_terms tax:=\u00a0\u00bbcountry\u00a0\u00bb]<\/p>\n","protected":false},"featured_media":67142,"template":"","meta":{"site-sidebar-layout":"no-sidebar","site-content-layout":"plain-container","ast-site-content-layout":"","site-content-style":"default","site-sidebar-style":"default","ast-global-header-display":"","ast-banner-title-visibility":"","ast-main-header-display":"","ast-hfb-above-header-display":"","ast-hfb-below-header-display":"","ast-hfb-mobile-header-display":"","site-post-title":"","ast-breadcrumbs-content":"","ast-featured-img":"","footer-sml-layout":"","theme-transparent-header-meta":"default","adv-header-id-meta":"","stick-header-meta":"","header-above-stick-meta":"","header-main-stick-meta":"","header-below-stick-meta":"","astra-migrate-meta-layouts":"default","ast-page-background-enabled":"default","ast-page-background-meta":{"desktop":{"background-color":"","background-image":"","background-repeat":"repeat","background-position":"center center","background-size":"auto","background-attachment":"scroll","background-type":"","background-media":"","overlay-type":"","overlay-color":"","overlay-opacity":"","overlay-gradient":""},"tablet":{"background-color":"","background-image":"","background-repeat":"repeat","background-position":"center center","background-size":"auto","background-attachment":"scroll","background-type":"","background-media":"","overlay-type":"","overlay-color":"","overlay-opacity":"","overlay-gradient":""},"mobile":{"background-color":"","background-image":"","background-repeat":"repeat","background-position":"center center","background-size":"auto","background-attachment":"scroll","background-type":"","background-media":"","overlay-type":"","overlay-color":"","overlay-opacity":"","overlay-gradient":""}},"ast-content-background-meta":{"desktop":{"background-color":"var(--ast-global-color-5)","background-image":"","background-repeat":"repeat","background-position":"center center","background-size":"auto","background-attachment":"scroll","background-type":"","background-media":"","overlay-type":"","overlay-color":"","overlay-opacity":"","overlay-gradient":""},"tablet":{"background-color":"var(--ast-global-color-5)","background-image":"","background-repeat":"repeat","background-position":"center center","background-size":"auto","background-attachment":"scroll","background-type":"","background-media":"","overlay-type":"","overlay-color":"","overlay-opacity":"","overlay-gradient":""},"mobile":{"background-color":"var(--ast-global-color-5)","background-image":"","background-repeat":"repeat","background-position":"center center","background-size":"auto","background-attachment":"scroll","background-type":"","background-media":"","overlay-type":"","overlay-color":"","overlay-opacity":"","overlay-gradient":""}}},"product_brand":[],"product_cat":[2326],"product_tag":[],"agency-2":[],"agency-1":[2699],"model":[],"brand":[2303],"types":[2327],"city":[2652,2653,2654,2655],"country":[2312],"service":[],"class_list":{"0":"post-50208","1":"product","2":"type-product","3":"status-publish","4":"has-post-thumbnail","6":"product_cat-luxe-berline","7":"agency-1-munich-fr","8":"brand-louer-une-bmw","9":"types-luxury-sedan-fr","10":"city-cologne-fr","11":"city-dusseldorf-fr","12":"city-frankfurt-fr","13":"city-leipzig-fr","14":"country-germany-fr","15":"desktop-align-left","16":"tablet-align-left","17":"mobile-align-left","19":"first","20":"instock","21":"shipping-taxable","22":"purchasable","23":"product-type-redq_rental"},"_links":{"self":[{"href":"https:\/\/rentcarportal.com\/fr\/wp-json\/wp\/v2\/product\/50208","targetHints":{"allow":["GET"]}}],"collection":[{"href":"https:\/\/rentcarportal.com\/fr\/wp-json\/wp\/v2\/product"}],"about":[{"href":"https:\/\/rentcarportal.com\/fr\/wp-json\/wp\/v2\/types\/product"}],"version-history":[{"count":0,"href":"https:\/\/rentcarportal.com\/fr\/wp-json\/wp\/v2\/product\/50208\/revisions"}],"wp:featuredmedia":[{"embeddable":true,"href":"https:\/\/rentcarportal.com\/fr\/wp-json\/wp\/v2\/media\/67142"}],"wp:attachment":[{"href":"https:\/\/rentcarportal.com\/fr\/wp-json\/wp\/v2\/media?parent=50208"}],"wp:term":[{"taxonomy":"product_brand","embeddable":true,"href":"https:\/\/rentcarportal.com\/fr\/wp-json\/wp\/v2\/product_brand?post=50208"},{"taxonomy":"product_cat","embeddable":true,"href":"https:\/\/rentcarportal.com\/fr\/wp-json\/wp\/v2\/product_cat?post=50208"},{"taxonomy":"product_tag","embeddable":true,"href":"https:\/\/rentcarportal.com\/fr\/wp-json\/wp\/v2\/product_tag?post=50208"},{"taxonomy":"agency-2","embeddable":true,"href":"https:\/\/rentcarportal.com\/fr\/wp-json\/wp\/v2\/agency-2?post=50208"},{"taxonomy":"agency-1","embeddable":true,"href":"https:\/\/rentcarportal.com\/fr\/wp-json\/wp\/v2\/agency-1?post=50208"},{"taxonomy":"model","embeddable":true,"href":"https:\/\/rentcarportal.com\/fr\/wp-json\/wp\/v2\/model?post=50208"},{"taxonomy":"brand","embeddable":true,"href":"https:\/\/rentcarportal.com\/fr\/wp-json\/wp\/v2\/brand?post=50208"},{"taxonomy":"types","embeddable":true,"href":"https:\/\/rentcarportal.com\/fr\/wp-json\/wp\/v2\/types?post=50208"},{"taxonomy":"city","embeddable":true,"href":"https:\/\/rentcarportal.com\/fr\/wp-json\/wp\/v2\/city?post=50208"},{"taxonomy":"country","embeddable":true,"href":"https:\/\/rentcarportal.com\/fr\/wp-json\/wp\/v2\/country?post=50208"},{"taxonomy":"service","embeddable":true,"href":"https:\/\/rentcarportal.com\/fr\/wp-json\/wp\/v2\/service?post=50208"}],"curies":[{"name":"wp","href":"https:\/\/api.w.org\/{rel}","templated":true}]}}