{"id":50340,"date":"2021-05-21T12:00:57","date_gmt":"2021-05-21T11:32:57","guid":{"rendered":"https:\/\/dev-elite.online\/flotte-elite-rent-a-car\/maserati-quattroporte-sq4-gs-draft-r\/"},"modified":"2023-03-13T12:24:10","modified_gmt":"2023-03-13T11:24:10","slug":"maserati-quattroporte-sq4-gs-milan-malpensa","status":"publish","type":"product","link":"https:\/\/rentcarportal.com\/fr\/location-voiture-prestige\/luxe-berline\/maserati-quattroporte-sq4-gs-milan-malpensa\/","title":{"rendered":"Maserati Quattroporte SQ4 GS"},"content":{"rendered":"<p>Au d\u00e9but des ann\u00e9es 2000, Maserati a fait revivre le nom Quattroporte, un nom r\u00e9serv\u00e9 \u00e0 la luxueuse berline quatre portes de Maserati. La Quattroporte allie style, confort et performances dans un ensemble complet, surtout avec l&rsquo;ajout d&rsquo;un tout nouveau syst\u00e8me \u00e0 quatre roues motrices. Cette variante particuli\u00e8re, la Quattroporte SQ4, est propuls\u00e9e par un V6 biturbo de 3,0 litres d\u00e9veloppant 410 ch, qui permet \u00e0 cette berline sportive de passer de 0 \u00e0 100 km\/h en seulement 4,8 secondes. De plus, les quatre roues motrices assurent la traction, la stabilit\u00e9 et un r\u00e9el sentiment de confiance. L&rsquo;int\u00e9rieur de la Maserati est un exercice de cuir et de design italien. Une atmosph\u00e8re cossue procure au conducteur un sentiment de relaxation ultime, tandis qu&rsquo;une simple pression sur l&rsquo;acc\u00e9l\u00e9rateur vous rappellera le pedigree sportif de Maserati. Faites de la Quattroporte SQ4 votre location id\u00e9ale et ressentez la passion au volant. Louez une Maserati Quattroporte S Q4 en Italie avec Rent Car Portal et profitez de la voiture de location parfaite pour votre voyage en Europe.<\/p>\n","protected":false},"excerpt":{"rendered":"<p><span style=\"font-size: 12.0pt; color: black;\">[jet_post_terms tax=\u00a0\u00bbcountry\u00a0\u00bb]<\/span><\/p>\n","protected":false},"featured_media":45224,"template":"","meta":{"site-sidebar-layout":"no-sidebar","site-content-layout":"plain-container","ast-site-content-layout":"","site-content-style":"default","site-sidebar-style":"default","ast-global-header-display":"","ast-banner-title-visibility":"","ast-main-header-display":"","ast-hfb-above-header-display":"","ast-hfb-below-header-display":"","ast-hfb-mobile-header-display":"","site-post-title":"","ast-breadcrumbs-content":"","ast-featured-img":"","footer-sml-layout":"","theme-transparent-header-meta":"default","adv-header-id-meta":"","stick-header-meta":"","header-above-stick-meta":"","header-main-stick-meta":"","header-below-stick-meta":"","astra-migrate-meta-layouts":"default","ast-page-background-enabled":"default","ast-page-background-meta":{"desktop":{"background-color":"","background-image":"","background-repeat":"repeat","background-position":"center center","background-size":"auto","background-attachment":"scroll","background-type":"","background-media":"","overlay-type":"","overlay-color":"","overlay-opacity":"","overlay-gradient":""},"tablet":{"background-color":"","background-image":"","background-repeat":"repeat","background-position":"center center","background-size":"auto","background-attachment":"scroll","background-type":"","background-media":"","overlay-type":"","overlay-color":"","overlay-opacity":"","overlay-gradient":""},"mobile":{"background-color":"","background-image":"","background-repeat":"repeat","background-position":"center center","background-size":"auto","background-attachment":"scroll","background-type":"","background-media":"","overlay-type":"","overlay-color":"","overlay-opacity":"","overlay-gradient":""}},"ast-content-background-meta":{"desktop":{"background-color":"var(--ast-global-color-5)","background-image":"","background-repeat":"repeat","background-position":"center center","background-size":"auto","background-attachment":"scroll","background-type":"","background-media":"","overlay-type":"","overlay-color":"","overlay-opacity":"","overlay-gradient":""},"tablet":{"background-color":"var(--ast-global-color-5)","background-image":"","background-repeat":"repeat","background-position":"center center","background-size":"auto","background-attachment":"scroll","background-type":"","background-media":"","overlay-type":"","overlay-color":"","overlay-opacity":"","overlay-gradient":""},"mobile":{"background-color":"var(--ast-global-color-5)","background-image":"","background-repeat":"repeat","background-position":"center center","background-size":"auto","background-attachment":"scroll","background-type":"","background-media":"","overlay-type":"","overlay-color":"","overlay-opacity":"","overlay-gradient":""}}},"product_brand":[],"product_cat":[2326],"product_tag":[2667],"agency-2":[2693],"agency-1":[2697],"model":[],"brand":[],"types":[],"city":[2641,2642,2643,2644,2645],"country":[2311],"service":[],"class_list":{"0":"post-50340","1":"product","2":"type-product","3":"status-publish","4":"has-post-thumbnail","6":"product_cat-luxe-berline","7":"product_tag-promo-fr","8":"agency-2-rome-fr","9":"agency-1-milan-fr","10":"city-amalfi-fr","11":"city-como-fr","12":"city-florence-fr","13":"city-naples-fr","14":"city-venice-fr","15":"country-italy-milan-fr","16":"desktop-align-left","17":"tablet-align-left","18":"mobile-align-left","20":"first","21":"instock","22":"shipping-taxable","23":"purchasable","24":"product-type-redq_rental"},"_links":{"self":[{"href":"https:\/\/rentcarportal.com\/fr\/wp-json\/wp\/v2\/product\/50340","targetHints":{"allow":["GET"]}}],"collection":[{"href":"https:\/\/rentcarportal.com\/fr\/wp-json\/wp\/v2\/product"}],"about":[{"href":"https:\/\/rentcarportal.com\/fr\/wp-json\/wp\/v2\/types\/product"}],"version-history":[{"count":0,"href":"https:\/\/rentcarportal.com\/fr\/wp-json\/wp\/v2\/product\/50340\/revisions"}],"wp:featuredmedia":[{"embeddable":true,"href":"https:\/\/rentcarportal.com\/fr\/wp-json\/wp\/v2\/media\/45224"}],"wp:attachment":[{"href":"https:\/\/rentcarportal.com\/fr\/wp-json\/wp\/v2\/media?parent=50340"}],"wp:term":[{"taxonomy":"product_brand","embeddable":true,"href":"https:\/\/rentcarportal.com\/fr\/wp-json\/wp\/v2\/product_brand?post=50340"},{"taxonomy":"product_cat","embeddable":true,"href":"https:\/\/rentcarportal.com\/fr\/wp-json\/wp\/v2\/product_cat?post=50340"},{"taxonomy":"product_tag","embeddable":true,"href":"https:\/\/rentcarportal.com\/fr\/wp-json\/wp\/v2\/product_tag?post=50340"},{"taxonomy":"agency-2","embeddable":true,"href":"https:\/\/rentcarportal.com\/fr\/wp-json\/wp\/v2\/agency-2?post=50340"},{"taxonomy":"agency-1","embeddable":true,"href":"https:\/\/rentcarportal.com\/fr\/wp-json\/wp\/v2\/agency-1?post=50340"},{"taxonomy":"model","embeddable":true,"href":"https:\/\/rentcarportal.com\/fr\/wp-json\/wp\/v2\/model?post=50340"},{"taxonomy":"brand","embeddable":true,"href":"https:\/\/rentcarportal.com\/fr\/wp-json\/wp\/v2\/brand?post=50340"},{"taxonomy":"types","embeddable":true,"href":"https:\/\/rentcarportal.com\/fr\/wp-json\/wp\/v2\/types?post=50340"},{"taxonomy":"city","embeddable":true,"href":"https:\/\/rentcarportal.com\/fr\/wp-json\/wp\/v2\/city?post=50340"},{"taxonomy":"country","embeddable":true,"href":"https:\/\/rentcarportal.com\/fr\/wp-json\/wp\/v2\/country?post=50340"},{"taxonomy":"service","embeddable":true,"href":"https:\/\/rentcarportal.com\/fr\/wp-json\/wp\/v2\/service?post=50340"}],"curies":[{"name":"wp","href":"https:\/\/api.w.org\/{rel}","templated":true}]}}