{"id":50851,"date":"2021-05-21T12:30:47","date_gmt":"2021-05-21T10:30:47","guid":{"rendered":"https:\/\/dev-elite.online\/flotte-elite-rent-a-car\/bmw-3-series-2\/"},"modified":"2023-03-29T11:24:46","modified_gmt":"2023-03-29T09:24:46","slug":"bmw-3-series-monte-carlo-monaco","status":"publish","type":"product","link":"https:\/\/rentcarportal.com\/fr\/location-voiture-prestige\/luxe-berline\/bmw-3-series-monte-carlo-monaco\/","title":{"rendered":"BMW 3 Series"},"content":{"rendered":"<p>La s\u00e9rie 3 est la berline de taille moyenne qui a \u00e9t\u00e9 le v\u00e9hicule star de BMW. Ce n&rsquo;est que r\u00e9cemment que sa position a \u00e9t\u00e9 remise en question, la demande semblant se d\u00e9placer vers les SUV et les Crossovers. Avec la nouvelle s\u00e9rie 3 cependant, il semble que cette tendance ait chang\u00e9 car le constructeur allemand a beaucoup retravaill\u00e9 la S\u00e9rie 3 pour lui redonner son statut.. La variante 330i est \u00e9quip\u00e9 d&rsquo;un moteur turbo de 2,0 litres produisant environ 250 chevaux, ce qui est une puissance id\u00e9ale pour ce type et cette taille de v\u00e9hicule. Louez une BMW 330i \u00e0 Monaco avec Rent Car Portal et profitez de la voiture de location parfaite pour votre voyage en Europe.<\/p>\n","protected":false},"excerpt":{"rendered":"<p>[jet_post_terms tax:=\u00a0\u00bbcountry\u00a0\u00bb]<\/p>\n","protected":false},"featured_media":36856,"template":"","meta":{"site-sidebar-layout":"no-sidebar","site-content-layout":"plain-container","ast-site-content-layout":"","site-content-style":"default","site-sidebar-style":"default","ast-global-header-display":"","ast-banner-title-visibility":"","ast-main-header-display":"","ast-hfb-above-header-display":"","ast-hfb-below-header-display":"","ast-hfb-mobile-header-display":"","site-post-title":"","ast-breadcrumbs-content":"","ast-featured-img":"","footer-sml-layout":"","theme-transparent-header-meta":"default","adv-header-id-meta":"","stick-header-meta":"","header-above-stick-meta":"","header-main-stick-meta":"","header-below-stick-meta":"","astra-migrate-meta-layouts":"default","ast-page-background-enabled":"default","ast-page-background-meta":{"desktop":{"background-color":"","background-image":"","background-repeat":"repeat","background-position":"center center","background-size":"auto","background-attachment":"scroll","background-type":"","background-media":"","overlay-type":"","overlay-color":"","overlay-opacity":"","overlay-gradient":""},"tablet":{"background-color":"","background-image":"","background-repeat":"repeat","background-position":"center center","background-size":"auto","background-attachment":"scroll","background-type":"","background-media":"","overlay-type":"","overlay-color":"","overlay-opacity":"","overlay-gradient":""},"mobile":{"background-color":"","background-image":"","background-repeat":"repeat","background-position":"center center","background-size":"auto","background-attachment":"scroll","background-type":"","background-media":"","overlay-type":"","overlay-color":"","overlay-opacity":"","overlay-gradient":""}},"ast-content-background-meta":{"desktop":{"background-color":"var(--ast-global-color-5)","background-image":"","background-repeat":"repeat","background-position":"center center","background-size":"auto","background-attachment":"scroll","background-type":"","background-media":"","overlay-type":"","overlay-color":"","overlay-opacity":"","overlay-gradient":""},"tablet":{"background-color":"var(--ast-global-color-5)","background-image":"","background-repeat":"repeat","background-position":"center center","background-size":"auto","background-attachment":"scroll","background-type":"","background-media":"","overlay-type":"","overlay-color":"","overlay-opacity":"","overlay-gradient":""},"mobile":{"background-color":"var(--ast-global-color-5)","background-image":"","background-repeat":"repeat","background-position":"center center","background-size":"auto","background-attachment":"scroll","background-type":"","background-media":"","overlay-type":"","overlay-color":"","overlay-opacity":"","overlay-gradient":""}}},"product_brand":[],"product_cat":[2326],"product_tag":[],"agency-2":[],"agency-1":[2698],"model":[],"brand":[2303],"types":[2327],"city":[2647,2648,2649,2650,2623],"country":[2313],"service":[],"class_list":{"0":"post-50851","1":"product","2":"type-product","3":"status-publish","4":"has-post-thumbnail","6":"product_cat-luxe-berline","7":"agency-1-monaco-fr","8":"brand-louer-une-bmw","9":"types-luxury-sedan-fr","10":"city-beaulieu-fr","11":"city-cap-dail-fr","12":"city-eze-fr","13":"city-monte-carlo-fr","14":"city-saint-jean-cap-ferrat-fr","15":"country-monaco-fr","16":"desktop-align-left","17":"tablet-align-left","18":"mobile-align-left","20":"first","21":"instock","22":"shipping-taxable","23":"purchasable","24":"product-type-redq_rental"},"_links":{"self":[{"href":"https:\/\/rentcarportal.com\/fr\/wp-json\/wp\/v2\/product\/50851","targetHints":{"allow":["GET"]}}],"collection":[{"href":"https:\/\/rentcarportal.com\/fr\/wp-json\/wp\/v2\/product"}],"about":[{"href":"https:\/\/rentcarportal.com\/fr\/wp-json\/wp\/v2\/types\/product"}],"version-history":[{"count":0,"href":"https:\/\/rentcarportal.com\/fr\/wp-json\/wp\/v2\/product\/50851\/revisions"}],"wp:featuredmedia":[{"embeddable":true,"href":"https:\/\/rentcarportal.com\/fr\/wp-json\/wp\/v2\/media\/36856"}],"wp:attachment":[{"href":"https:\/\/rentcarportal.com\/fr\/wp-json\/wp\/v2\/media?parent=50851"}],"wp:term":[{"taxonomy":"product_brand","embeddable":true,"href":"https:\/\/rentcarportal.com\/fr\/wp-json\/wp\/v2\/product_brand?post=50851"},{"taxonomy":"product_cat","embeddable":true,"href":"https:\/\/rentcarportal.com\/fr\/wp-json\/wp\/v2\/product_cat?post=50851"},{"taxonomy":"product_tag","embeddable":true,"href":"https:\/\/rentcarportal.com\/fr\/wp-json\/wp\/v2\/product_tag?post=50851"},{"taxonomy":"agency-2","embeddable":true,"href":"https:\/\/rentcarportal.com\/fr\/wp-json\/wp\/v2\/agency-2?post=50851"},{"taxonomy":"agency-1","embeddable":true,"href":"https:\/\/rentcarportal.com\/fr\/wp-json\/wp\/v2\/agency-1?post=50851"},{"taxonomy":"model","embeddable":true,"href":"https:\/\/rentcarportal.com\/fr\/wp-json\/wp\/v2\/model?post=50851"},{"taxonomy":"brand","embeddable":true,"href":"https:\/\/rentcarportal.com\/fr\/wp-json\/wp\/v2\/brand?post=50851"},{"taxonomy":"types","embeddable":true,"href":"https:\/\/rentcarportal.com\/fr\/wp-json\/wp\/v2\/types?post=50851"},{"taxonomy":"city","embeddable":true,"href":"https:\/\/rentcarportal.com\/fr\/wp-json\/wp\/v2\/city?post=50851"},{"taxonomy":"country","embeddable":true,"href":"https:\/\/rentcarportal.com\/fr\/wp-json\/wp\/v2\/country?post=50851"},{"taxonomy":"service","embeddable":true,"href":"https:\/\/rentcarportal.com\/fr\/wp-json\/wp\/v2\/service?post=50851"}],"curies":[{"name":"wp","href":"https:\/\/api.w.org\/{rel}","templated":true}]}}