{"id":60719,"date":"2021-05-22T21:34:44","date_gmt":"2022-09-29T15:26:45","guid":{"rendered":"https:\/\/rentcarportal.com\/?post_type=product&#038;p=60719"},"modified":"2023-03-13T12:19:43","modified_gmt":"2023-03-13T11:19:43","slug":"audi-rs6-avant-courchevel-megeve","status":"publish","type":"product","link":"https:\/\/rentcarportal.com\/fr\/location-voiture-prestige\/exceptionnelle\/audi-rs6-avant-courchevel-megeve\/","title":{"rendered":"Audi RS6 AVANT"},"content":{"rendered":"<h5>Louer une Audi RS6 en France et dans les Alpes fran\u00e7aises<\/h5>\n<p>Vous pouvez louer la Audi RS6 avec Rent Car Portal dans les Alpes fran\u00e7aises. La livraison et la collecte sur mesure de votre v\u00e9hicule de location sont disponibles \u00e0 Courchevel, Meg\u00e8ve, M\u00e9ribel, Val d&rsquo;Is\u00e8re, Chamonix, l&rsquo;a\u00e9roport de Chamb\u00e9ry, l&rsquo;a\u00e9roport de Gen\u00e8ve (secteur fran\u00e7ais).<\/p>\n<p>Audi est un constructeur automobile allemand bas\u00e9 \u00e0 Ingolstadt avec plus d&rsquo;un si\u00e8cle d&rsquo;exp\u00e9rience dans l&rsquo;industrie automobile. Avec de nombreux succ\u00e8s dans diverses cat\u00e9gories de sport automobile, Audi est une marque \u00e0 l&rsquo;histoire riche. Des innovations telles que le d\u00e9sormais c\u00e9l\u00e8bre syst\u00e8me de transmission int\u00e9grale Quattro ont fait leur apparition dans de nombreux mod\u00e8les Audi, notamment dans leurs variantes plus sportives S et RS.<\/p>\n<h5>\u00c0 propos de l&rsquo;Audi RS6<\/h5>\n<p>Dans le langage Audi, RS signifie la variante la plus hardcore d&rsquo;un mod\u00e8le donn\u00e9. L&rsquo;exemple d&rsquo;aujourd&rsquo;hui est : L&rsquo;Audi RS6. L&rsquo;Audi RS6 est l&rsquo;aboutissement de tout ce qu&rsquo;une voiture familiale devrait \u00eatre et peut \u00eatre&#8230; D&rsquo;une part, ce break poss\u00e8de toutes les commodit\u00e9s qu&rsquo;une voiture familiale devrait avoir : cinq si\u00e8ges, un coffre spacieux et toutes les commodit\u00e9s que l&rsquo;on peut attendre d&rsquo;un v\u00e9hicule allemand haut de gamme. D&rsquo;un autre c\u00f4t\u00e9, quelques cingl\u00e9s de la division RS ont d\u00e9cid\u00e9 que ce break familial avait besoin de plus de puissance, beaucoup plus. Ainsi, la famille, le chien et les bagages peuvent passer de 0 \u00e0 100 km\/h en seulement 3,7 secondes. Ceci gr\u00e2ce \u00e0 un prodigieux moteur V8 turbocompress\u00e9 de 4,0 litres qui d\u00e9veloppe 600 chevaux.<\/p>\n<p>En plus d&rsquo;\u00eatre une voiture performante, l&rsquo;Audi RS6 offre tout le confort n\u00e9cessaire pour les longs trajets. Des mat\u00e9riaux de premi\u00e8re qualit\u00e9 sont utilis\u00e9s dans tout l&rsquo;habitacle, contribuant \u00e0 une sensation de luxe \u00e0 l&rsquo;int\u00e9rieur. En outre, la RS6 est \u00e9galement un tour de force technologique puisqu&rsquo;elle dispose d&rsquo;une interface \u00e0 \u00e9cran tactile pour les commandes audio, de climatisation et de navigation du v\u00e9hicule. Le conducteur peut \u00e9galement contr\u00f4ler de nombreuses fonctionnalit\u00e9s gr\u00e2ce au tableau de bord du cockpit virtuel dont Audi est le pionnier. Louez une Audi RS6 en France avec Rent Car Portal et profitez de la voiture de location parfaite pour votre voyage en Europe.<\/p>\n","protected":false},"excerpt":{"rendered":"<p>[jet_post_terms tax:=\u00a0\u00bbcountry\u00a0\u00bb]<\/p>\n","protected":false},"featured_media":48542,"template":"","meta":{"site-sidebar-layout":"no-sidebar","site-content-layout":"plain-container","ast-site-content-layout":"","site-content-style":"default","site-sidebar-style":"default","ast-global-header-display":"","ast-banner-title-visibility":"","ast-main-header-display":"","ast-hfb-above-header-display":"","ast-hfb-below-header-display":"","ast-hfb-mobile-header-display":"","site-post-title":"","ast-breadcrumbs-content":"","ast-featured-img":"","footer-sml-layout":"","theme-transparent-header-meta":"default","adv-header-id-meta":"","stick-header-meta":"","header-above-stick-meta":"","header-main-stick-meta":"","header-below-stick-meta":"","astra-migrate-meta-layouts":"default","ast-page-background-enabled":"default","ast-page-background-meta":{"desktop":{"background-color":"","background-image":"","background-repeat":"repeat","background-position":"center center","background-size":"auto","background-attachment":"scroll","background-type":"","background-media":"","overlay-type":"","overlay-color":"","overlay-opacity":"","overlay-gradient":""},"tablet":{"background-color":"","background-image":"","background-repeat":"repeat","background-position":"center center","background-size":"auto","background-attachment":"scroll","background-type":"","background-media":"","overlay-type":"","overlay-color":"","overlay-opacity":"","overlay-gradient":""},"mobile":{"background-color":"","background-image":"","background-repeat":"repeat","background-position":"center center","background-size":"auto","background-attachment":"scroll","background-type":"","background-media":"","overlay-type":"","overlay-color":"","overlay-opacity":"","overlay-gradient":""}},"ast-content-background-meta":{"desktop":{"background-color":"var(--ast-global-color-5)","background-image":"","background-repeat":"repeat","background-position":"center center","background-size":"auto","background-attachment":"scroll","background-type":"","background-media":"","overlay-type":"","overlay-color":"","overlay-opacity":"","overlay-gradient":""},"tablet":{"background-color":"var(--ast-global-color-5)","background-image":"","background-repeat":"repeat","background-position":"center center","background-size":"auto","background-attachment":"scroll","background-type":"","background-media":"","overlay-type":"","overlay-color":"","overlay-opacity":"","overlay-gradient":""},"mobile":{"background-color":"var(--ast-global-color-5)","background-image":"","background-repeat":"repeat","background-position":"center center","background-size":"auto","background-attachment":"scroll","background-type":"","background-media":"","overlay-type":"","overlay-color":"","overlay-opacity":"","overlay-gradient":""}}},"product_brand":[],"product_cat":[1940],"product_tag":[],"agency-2":[],"agency-1":[2696],"model":[],"brand":[2332],"types":[],"city":[2635,2636,2637,2638],"country":[2526],"service":[],"class_list":{"0":"post-60719","1":"product","2":"type-product","3":"status-publish","4":"has-post-thumbnail","6":"product_cat-exceptionnelle","7":"agency-1-courchevel-fr","8":"brand-louer-une-audi","9":"city-chambery-fr","10":"city-megeve-fr","11":"city-meribel-fr","12":"city-val-disere-fr","13":"country-france-alpes","14":"desktop-align-left","15":"tablet-align-left","16":"mobile-align-left","18":"first","19":"instock","20":"shipping-taxable","21":"purchasable","22":"product-type-redq_rental"},"_links":{"self":[{"href":"https:\/\/rentcarportal.com\/fr\/wp-json\/wp\/v2\/product\/60719","targetHints":{"allow":["GET"]}}],"collection":[{"href":"https:\/\/rentcarportal.com\/fr\/wp-json\/wp\/v2\/product"}],"about":[{"href":"https:\/\/rentcarportal.com\/fr\/wp-json\/wp\/v2\/types\/product"}],"version-history":[{"count":0,"href":"https:\/\/rentcarportal.com\/fr\/wp-json\/wp\/v2\/product\/60719\/revisions"}],"wp:featuredmedia":[{"embeddable":true,"href":"https:\/\/rentcarportal.com\/fr\/wp-json\/wp\/v2\/media\/48542"}],"wp:attachment":[{"href":"https:\/\/rentcarportal.com\/fr\/wp-json\/wp\/v2\/media?parent=60719"}],"wp:term":[{"taxonomy":"product_brand","embeddable":true,"href":"https:\/\/rentcarportal.com\/fr\/wp-json\/wp\/v2\/product_brand?post=60719"},{"taxonomy":"product_cat","embeddable":true,"href":"https:\/\/rentcarportal.com\/fr\/wp-json\/wp\/v2\/product_cat?post=60719"},{"taxonomy":"product_tag","embeddable":true,"href":"https:\/\/rentcarportal.com\/fr\/wp-json\/wp\/v2\/product_tag?post=60719"},{"taxonomy":"agency-2","embeddable":true,"href":"https:\/\/rentcarportal.com\/fr\/wp-json\/wp\/v2\/agency-2?post=60719"},{"taxonomy":"agency-1","embeddable":true,"href":"https:\/\/rentcarportal.com\/fr\/wp-json\/wp\/v2\/agency-1?post=60719"},{"taxonomy":"model","embeddable":true,"href":"https:\/\/rentcarportal.com\/fr\/wp-json\/wp\/v2\/model?post=60719"},{"taxonomy":"brand","embeddable":true,"href":"https:\/\/rentcarportal.com\/fr\/wp-json\/wp\/v2\/brand?post=60719"},{"taxonomy":"types","embeddable":true,"href":"https:\/\/rentcarportal.com\/fr\/wp-json\/wp\/v2\/types?post=60719"},{"taxonomy":"city","embeddable":true,"href":"https:\/\/rentcarportal.com\/fr\/wp-json\/wp\/v2\/city?post=60719"},{"taxonomy":"country","embeddable":true,"href":"https:\/\/rentcarportal.com\/fr\/wp-json\/wp\/v2\/country?post=60719"},{"taxonomy":"service","embeddable":true,"href":"https:\/\/rentcarportal.com\/fr\/wp-json\/wp\/v2\/service?post=60719"}],"curies":[{"name":"wp","href":"https:\/\/api.w.org\/{rel}","templated":true}]}}