{"id":67031,"date":"2021-05-23T00:01:01","date_gmt":"2023-03-16T16:26:03","guid":{"rendered":"https:\/\/rentcarportal.com\/?post_type=product&#038;p=67031"},"modified":"2023-03-29T11:27:43","modified_gmt":"2023-03-29T09:27:43","slug":"mercedes-benz-amg-sl-63-roadster-paris-reims","status":"publish","type":"product","link":"https:\/\/rentcarportal.com\/fr\/location-voiture-prestige\/exceptionnelle\/mercedes-benz-amg-sl-63-roadster-paris-reims\/","title":{"rendered":"Mercedes-Benz AMG SL 63 Roadster"},"content":{"rendered":"<p>Le roadster AMG SL 63 Roadster dispose d&rsquo;un surpuissant moteur central avant V8 turbocompress\u00e9 de 4,0 litres, qui d\u00e9veloppe une puissance totale de 585 ch, lui permettant d&rsquo;atteindre 100 km\/h en seulement 3,6 secondes ! Ce magnifique v\u00e9hicule au design expressif et rac\u00e9, combin\u00e9 \u00e0 une tenue de route raffin\u00e9e vous offrira une exp\u00e9rience de conduite inoubliable. Prenez place en tant que conducteur et d\u00e9couvrez un habitacle luxueux et confortable. La SL 63 Roadster n&rsquo;est pas seulement la repr\u00e9sentation de la perfection automobile, c&rsquo;est aussi une exp\u00e9rience totalement unique o\u00f9 la performance et le prestige se marient parfaitement avec le son tonitruant du V8 AMG 4.0. Louez une Mercedes-Benz AMG SL 63 Roadstert en France avec Rent Car Portal et profitez de la voiture de location parfaite pour votre voyage \u00e0 Paris ou Reims.<\/p>\n","protected":false},"excerpt":{"rendered":"<p>[jet_post_terms tax=\u00a0\u00bbcountry\u00a0\u00bb]<\/p>\n","protected":false},"featured_media":64396,"template":"","meta":{"site-sidebar-layout":"no-sidebar","site-content-layout":"plain-container","ast-site-content-layout":"","site-content-style":"default","site-sidebar-style":"default","ast-global-header-display":"","ast-banner-title-visibility":"","ast-main-header-display":"","ast-hfb-above-header-display":"","ast-hfb-below-header-display":"","ast-hfb-mobile-header-display":"","site-post-title":"","ast-breadcrumbs-content":"","ast-featured-img":"","footer-sml-layout":"","theme-transparent-header-meta":"default","adv-header-id-meta":"","stick-header-meta":"","header-above-stick-meta":"","header-main-stick-meta":"","header-below-stick-meta":"","astra-migrate-meta-layouts":"default","ast-page-background-enabled":"default","ast-page-background-meta":{"desktop":{"background-color":"","background-image":"","background-repeat":"repeat","background-position":"center center","background-size":"auto","background-attachment":"scroll","background-type":"","background-media":"","overlay-type":"","overlay-color":"","overlay-opacity":"","overlay-gradient":""},"tablet":{"background-color":"","background-image":"","background-repeat":"repeat","background-position":"center center","background-size":"auto","background-attachment":"scroll","background-type":"","background-media":"","overlay-type":"","overlay-color":"","overlay-opacity":"","overlay-gradient":""},"mobile":{"background-color":"","background-image":"","background-repeat":"repeat","background-position":"center center","background-size":"auto","background-attachment":"scroll","background-type":"","background-media":"","overlay-type":"","overlay-color":"","overlay-opacity":"","overlay-gradient":""}},"ast-content-background-meta":{"desktop":{"background-color":"var(--ast-global-color-5)","background-image":"","background-repeat":"repeat","background-position":"center center","background-size":"auto","background-attachment":"scroll","background-type":"","background-media":"","overlay-type":"","overlay-color":"","overlay-opacity":"","overlay-gradient":""},"tablet":{"background-color":"var(--ast-global-color-5)","background-image":"","background-repeat":"repeat","background-position":"center center","background-size":"auto","background-attachment":"scroll","background-type":"","background-media":"","overlay-type":"","overlay-color":"","overlay-opacity":"","overlay-gradient":""},"mobile":{"background-color":"var(--ast-global-color-5)","background-image":"","background-repeat":"repeat","background-position":"center center","background-size":"auto","background-attachment":"scroll","background-type":"","background-media":"","overlay-type":"","overlay-color":"","overlay-opacity":"","overlay-gradient":""}}},"product_brand":[],"product_cat":[1940,1939],"product_tag":[],"agency-2":[2692,2690],"agency-1":[2701,2695],"model":[],"brand":[2301],"types":[],"city":[2630,2631,2632,2633],"country":[2342],"service":[],"class_list":{"0":"post-67031","1":"product","2":"type-product","3":"status-publish","4":"has-post-thumbnail","6":"product_cat-exceptionnelle","7":"product_cat-best-sellers-fr","8":"agency-2-deauville-fr","9":"agency-2-zurich-fr","10":"agency-1-geneva-fr","11":"agency-1-paris-fr","12":"brand-louer-une-mercedes-benz","13":"city-amsterdam-fr","14":"city-bordeaux-fr","15":"city-bruxelles-fr","16":"city-lille-fr","17":"country-france-north-fr","18":"desktop-align-left","19":"tablet-align-left","20":"mobile-align-left","22":"first","23":"instock","24":"shipping-taxable","25":"purchasable","26":"product-type-redq_rental"},"_links":{"self":[{"href":"https:\/\/rentcarportal.com\/fr\/wp-json\/wp\/v2\/product\/67031","targetHints":{"allow":["GET"]}}],"collection":[{"href":"https:\/\/rentcarportal.com\/fr\/wp-json\/wp\/v2\/product"}],"about":[{"href":"https:\/\/rentcarportal.com\/fr\/wp-json\/wp\/v2\/types\/product"}],"version-history":[{"count":0,"href":"https:\/\/rentcarportal.com\/fr\/wp-json\/wp\/v2\/product\/67031\/revisions"}],"wp:featuredmedia":[{"embeddable":true,"href":"https:\/\/rentcarportal.com\/fr\/wp-json\/wp\/v2\/media\/64396"}],"wp:attachment":[{"href":"https:\/\/rentcarportal.com\/fr\/wp-json\/wp\/v2\/media?parent=67031"}],"wp:term":[{"taxonomy":"product_brand","embeddable":true,"href":"https:\/\/rentcarportal.com\/fr\/wp-json\/wp\/v2\/product_brand?post=67031"},{"taxonomy":"product_cat","embeddable":true,"href":"https:\/\/rentcarportal.com\/fr\/wp-json\/wp\/v2\/product_cat?post=67031"},{"taxonomy":"product_tag","embeddable":true,"href":"https:\/\/rentcarportal.com\/fr\/wp-json\/wp\/v2\/product_tag?post=67031"},{"taxonomy":"agency-2","embeddable":true,"href":"https:\/\/rentcarportal.com\/fr\/wp-json\/wp\/v2\/agency-2?post=67031"},{"taxonomy":"agency-1","embeddable":true,"href":"https:\/\/rentcarportal.com\/fr\/wp-json\/wp\/v2\/agency-1?post=67031"},{"taxonomy":"model","embeddable":true,"href":"https:\/\/rentcarportal.com\/fr\/wp-json\/wp\/v2\/model?post=67031"},{"taxonomy":"brand","embeddable":true,"href":"https:\/\/rentcarportal.com\/fr\/wp-json\/wp\/v2\/brand?post=67031"},{"taxonomy":"types","embeddable":true,"href":"https:\/\/rentcarportal.com\/fr\/wp-json\/wp\/v2\/types?post=67031"},{"taxonomy":"city","embeddable":true,"href":"https:\/\/rentcarportal.com\/fr\/wp-json\/wp\/v2\/city?post=67031"},{"taxonomy":"country","embeddable":true,"href":"https:\/\/rentcarportal.com\/fr\/wp-json\/wp\/v2\/country?post=67031"},{"taxonomy":"service","embeddable":true,"href":"https:\/\/rentcarportal.com\/fr\/wp-json\/wp\/v2\/service?post=67031"}],"curies":[{"name":"wp","href":"https:\/\/api.w.org\/{rel}","templated":true}]}}